{"id":1956,"date":"2025-04-14T21:42:26","date_gmt":"2025-04-15T02:42:26","guid":{"rendered":"https:\/\/biohabita.ooptimo.dev\/biohabitabilitat\/"},"modified":"2026-04-02T06:40:18","modified_gmt":"2026-04-02T11:40:18","slug":"biohabitability","status":"publish","type":"page","link":"https:\/\/biohabita.coop\/en\/biohabitability\/","title":{"rendered":"About us"},"content":{"rendered":"<section class=\"wp-block align wp-block-quienessomos quienessomos\" >\n\t<div class=\"container\">\n\t\t<div class=\"columnas\">\n\t\t\t<div class=\"columna-izquierda\">\n\t\t\t\t\t\t\t\t\t<h1>About us \u2013 Biohabitability<\/h1>\n\t\t\t\t\t\t\t<\/div>\n\t\t\t<div class=\"columna-derecha\">\n\t\t\t\t<div class=\"contenido\">\n\t\t\t\t\t<img loading=\"lazy\" decoding=\"async\" width=\"300\" height=\"80\" class=\"alignnone size-medium wp-image-4563\" src=\"https:\/\/biohabita.coop\/wp-content\/uploads\/2025\/11\/FOTOS-WEB-BIOHABITA-300x80.jpg\" alt=\"\" srcset=\"https:\/\/biohabita.coop\/wp-content\/uploads\/2025\/11\/FOTOS-WEB-BIOHABITA-300x80.jpg 300w, https:\/\/biohabita.coop\/wp-content\/uploads\/2025\/11\/FOTOS-WEB-BIOHABITA.jpg 701w\" sizes=\"auto, (max-width: 300px) 100vw, 300px\" \/>\n<p>BIOHABITA! is a cooperative of architects that works on biohabitability to achieve healthy architectural environments and we develop our work in 3 areas: we carry out advisory tasks to achieve healthy architectural environments, we measure the physical parameters that define a healthy environment and we carry out training activities to transmit the way to make our architectural environment healthy.<\/p>\n<p>We have the official recognition of the Spanish Institute of Baubiologie (IEB) as a consultancy in Bioconstruction. Baubiology is the science that studies the global relationships of living organisms (biology) with our residential and work built environment (construction) including all the new technologies that are used in it.<\/p>\n<p>We have the legal constitution of a Catalan Limited Professional Cooperative Society of Associated Work, non-profit.<\/p>\n\n\t\t\t\t<\/div>\n\t\t\t\t\t\t\t\t\t\t\t<\/div>\n\t\t<\/div>\n\t<\/div>\n<\/section>\n\n\n<section class=\"wp-block align wp-block-quienessomos quienessomos\" >\n\t<div class=\"container\">\n\t\t<div class=\"columnas\">\n\t\t\t<div class=\"columna-izquierda\">\n\t\t\t\t\t\t\t\t\t<h2>Our values \u200b\u200b\u2013 We are biohabitability!<\/h2>\n\t\t\t\t\t\t\t<\/div>\n\t\t\t<div class=\"columna-derecha\">\n\t\t\t\t<div class=\"contenido\">\n\t\t\t\t\t<p>As a cooperative we promote the values \u200b\u200bon which we were founded: mutual aid, responsibility, democracy, equality, fairness and solidarity. We believe in the ethical values \u200b\u200bof honesty, transparency, social responsibility and concern for people and the environment. We are characterized by putting people at the center and promoting more democratic and participatory forms of organization.<\/p>\n<p>In our projects we always use materials and technologies that are responsible for the health of people and the environment (energy efficiency, renewable energies, environmental sustainability, natural materials free of toxins, biocompatible systems, local and responsible consumption, promotion of green and biodiversity, zero waste objective, treatment of rainwater, gray and residual water, lighting and acoustic comfort, etc.)<\/p>\n\n\t\t\t\t<\/div>\n\t\t\t\t\t\t\t\t\t\t\t\t\t<a href=\"https:\/\/biohabita.coop\/wp-content\/uploads\/2025\/11\/XES-Infografia-BALANC-SOCIAL-2025.pdf\" class=\"boton\">\n\t\t\t\t\t\t\t\t\t\t\t\tSocial Balance\n\t\t\t\t\t<\/a>\n\t\t\t\t\t\t\t<\/div>\n\t\t<\/div>\n\t<\/div>\n<\/section>\n\n\n<section class=\"wp-block align wp-block-quienessomos quienessomos\" >\n\t<div class=\"container\">\n\t\t<div class=\"columnas\">\n\t\t\t<div class=\"columna-izquierda\">\n\t\t\t\t\t\t\t\t\t<h2>Learn more about the partners \u2013 Experts in biohabitability<\/h2>\n\t\t\t\t\t\t\t<\/div>\n\t\t\t<div class=\"columna-derecha\">\n\t\t\t\t<div class=\"contenido\">\n\t\t\t\t\t<p>We are Teresa Monle\u00f3n Fern\u00e1ndez, Joan Cuevas Pareras and Carlos Sentmenat Bertrand, architects and masters in bioconstruction from the Institut f\u00fcr Baubiologie + Nachhaltigkeit (IBN)-Institut Espa\u00f1ol de Baubiologie (IEB)-Universitat de Lleida (UdL). Carlos Sentmenat Bertrand is also a specialist in measuring fields, waves, radiation and other pollutants from the IBN.<\/p>\n<p>Pere Ca\u00f1adas Torres, technical architect, masters in bioconstruction and specialist in baubiology measurements. She is a collaborating partner for the Girona area.<\/p>\n\n\t\t\t\t<\/div>\n\t\t\t\t\t\t\t\t\t\t\t\t\t<a href=\"https:\/\/biohabita.coop\/wp-content\/uploads\/2025\/04\/CV-BIOHABITA.pdf\" class=\"boton\">\n\t\t\t\t\t\t\t\t\t\t\t\t\t<img decoding=\"async\" src=\"https:\/\/biohabita.coop\/wp-content\/themes\/biohabita\/public\/images\/pdf.cc7d02.svg\" alt=\"PDF\" class=\"pdf-icon\">\n\t\t\t\t\t\t\t\t\t\t\t\tResumes\n\t\t\t\t\t<\/a>\n\t\t\t\t\t\t\t<\/div>\n\t\t<\/div>\n\t<\/div>\n<\/section>\n\n\n<section class=\"wp-block align wp-block-quienessomos quienessomos\" >\n\t<div class=\"container\">\n\t\t<div class=\"columnas\">\n\t\t\t<div class=\"columna-izquierda\">\n\t\t\t\t\t\t\t\t\t<h2>Let&#039;s network<\/h2>\n\t\t\t\t\t\t\t<\/div>\n\t\t\t<div class=\"columna-derecha\">\n\t\t\t\t<div class=\"contenido\">\n\t\t\t\t\t<p>We are convinced that networking complements us, which is why we are part of:<\/p>\n\n\t\t\t\t<\/div>\n\t\t\t\t\t\t\t\t\t<div class=\"galeria\">\n\t\t\t\t\t\t\t\t\t\t\t\t\t<img decoding=\"async\" src=\"https:\/\/biohabita.coop\/wp-content\/uploads\/2025\/04\/xes-claim-whiter-1.png\" alt=\"\">\n\t\t\t\t\t\t\t\t\t\t\t\t\t<img decoding=\"async\" src=\"https:\/\/biohabita.coop\/wp-content\/uploads\/2025\/04\/SEGELL-MEMBRE-BS-COLOR.png\" alt=\"\">\n\t\t\t\t\t\t\t\t\t\t\t\t\t<img decoding=\"async\" src=\"https:\/\/biohabita.coop\/wp-content\/uploads\/2025\/04\/LOGO_bihho_00_generico-1.png\" alt=\"\">\n\t\t\t\t\t\t\t\t\t\t\t\t\t<img decoding=\"async\" src=\"https:\/\/biohabita.coop\/wp-content\/uploads\/2025\/04\/LOGO-AUS-NOU-2048x781-1.png\" alt=\"\">\n\t\t\t\t\t\t\t\t\t\t\t\t\t<img decoding=\"async\" src=\"https:\/\/biohabita.coop\/wp-content\/uploads\/2025\/04\/IEB_2000x480_px_fondo_transparente.png\" alt=\"\">\n\t\t\t\t\t\t\t\t\t\t\t\t\t<img decoding=\"async\" src=\"https:\/\/biohabita.coop\/wp-content\/uploads\/2025\/04\/EDUCOOP-EDUCATIVA.png\" alt=\"\">\n\t\t\t\t\t\t\t\t\t\t\t\t\t<img decoding=\"async\" src=\"https:\/\/biohabita.coop\/wp-content\/uploads\/2025\/04\/logo.png\" alt=\"\">\n\t\t\t\t\t\t\t\t\t\t\t\t\t<img decoding=\"async\" src=\"https:\/\/biohabita.coop\/wp-content\/uploads\/2025\/04\/COAC_SalutArquitectura_institucional_positiu-2048x1592-1.png\" alt=\"\">\n\t\t\t\t\t\t\t\t\t\t\t\t\t<img decoding=\"async\" src=\"https:\/\/biohabita.coop\/wp-content\/uploads\/2025\/04\/LogoSimbol_CommonsCloud_BW.png\" alt=\"\">\n\t\t\t\t\t\t\t\t\t\t\t<\/div>\n\t\t\t\t\t\t\t\t\t\t\t<\/div>\n\t\t<\/div>\n\t<\/div>\n<\/section>\n","protected":false},"excerpt":{"rendered":"","protected":false},"author":1,"featured_media":0,"parent":0,"menu_order":0,"comment_status":"closed","ping_status":"closed","template":"","meta":{"_acf_changed":false,"footnotes":""},"class_list":["post-1956","page","type-page","status-publish","hentry"],"acf":[],"_links":{"self":[{"href":"https:\/\/biohabita.coop\/en\/wp-json\/wp\/v2\/pages\/1956","targetHints":{"allow":["GET"]}}],"collection":[{"href":"https:\/\/biohabita.coop\/en\/wp-json\/wp\/v2\/pages"}],"about":[{"href":"https:\/\/biohabita.coop\/en\/wp-json\/wp\/v2\/types\/page"}],"author":[{"embeddable":true,"href":"https:\/\/biohabita.coop\/en\/wp-json\/wp\/v2\/users\/1"}],"replies":[{"embeddable":true,"href":"https:\/\/biohabita.coop\/en\/wp-json\/wp\/v2\/comments?post=1956"}],"version-history":[{"count":9,"href":"https:\/\/biohabita.coop\/en\/wp-json\/wp\/v2\/pages\/1956\/revisions"}],"predecessor-version":[{"id":5173,"href":"https:\/\/biohabita.coop\/en\/wp-json\/wp\/v2\/pages\/1956\/revisions\/5173"}],"wp:attachment":[{"href":"https:\/\/biohabita.coop\/en\/wp-json\/wp\/v2\/media?parent=1956"}],"curies":[{"name":"wp","href":"https:\/\/api.w.org\/{rel}","templated":true}]}}