{"id":1964,"date":"2025-04-23T15:36:22","date_gmt":"2025-04-23T20:36:22","guid":{"rendered":"https:\/\/biohabita.ooptimo.dev\/projectes\/"},"modified":"2025-09-01T12:55:53","modified_gmt":"2025-09-01T17:55:53","slug":"proyectos","status":"publish","type":"page","link":"https:\/\/biohabita.coop\/es\/proyectos\/","title":{"rendered":"Proyectos"},"content":{"rendered":"<section class=\"wp-block align wp-block-projectes bloque-projectes\">\n\t<div class=\"container\">\n\t\t<div class=\"contenido\">\n\t\t\t<h1>Proyectos<\/h1>\n\t\t\t<div class=\"filtros\">\n\t\t\t\t\t\t\t\t\t<div class=\"filtro\">\n\t\t\t\t\t\t<select name=\"categorias\" id=\"categorias-projectes\">\n\t\t\t\t\t\t\t<option value=\"\">Todas las categor\u00edas<\/option>\n\t\t\t\t\t\t\t\t\t\t\t\t\t\t\t\t\t\t\t\t\t\t\t\t<option value=\"60\" >\n\t\t\t\t\t\t\t\t\t\tAsesor\u00eda\n\t\t\t\t\t\t\t\t\t<\/option>\n\t\t\t\t\t\t\t\t\t\t\t\t\t\t\t\t\t\t\t\t\t\t\t\t\t\t\t\t\t\t\t\t<option value=\"43\" >\n\t\t\t\t\t\t\t\t\t\tComunicaci\u00f3n y educaci\u00f3n\n\t\t\t\t\t\t\t\t\t<\/option>\n\t\t\t\t\t\t\t\t\t\t\t\t\t\t\t\t\t\t\t\t\t\t\t\t\t\t\t\t\t\t\t\t<option value=\"47\" >\n\t\t\t\t\t\t\t\t\t\tMediciones\n\t\t\t\t\t\t\t\t\t<\/option>\n\t\t\t\t\t\t\t\t\t\t\t\t\t\t\t\t\t\t\t\t\t<\/select>\n\t\t\t\t\t\t<form class=\"search-form-projectes\">\n\t\t\t\t\t\t\t<input type=\"text\" name=\"s\" placeholder=\"Buscar\" value=\"\">\n\t\t\t\t\t\t<\/form>\n\t\t\t\t\t<\/div>\n\t\t\t\t\t\t\t<\/div>\n\t\t<\/div>\n\n\t\t<div class=\"grid-projectes\" id=\"grid-projectes\">\n\t\t\t\t\t\t\t\t\t\t\t\t<a href=\"https:\/\/biohabita.coop\/es\/restaurem-un-conjunt-de-patis-catalogats-del-1847\/\">\n\t\t\t\t\t\t<div class=\"post\">\n\t\t\t\t\t\t\t<div class=\"post-imagen\">\n\t\t\t\t\t\t\t\t\t\t\t\t\t\t\t\t\t<img decoding=\"async\" src=\"https:\/\/biohabita.coop\/wp-content\/uploads\/2026\/01\/AVY-PATI-PRINCIPAL.jpg\" alt=\"RESTAURAMOS UN CONJUNTO DE PATIOS CATALOGADOS DE 1847\">\n\t\t\t\t\t\t\t\t\t\t\t\t\t\t\t<\/div>\n\t\t\t\t\t\t\t<div class=\"post-contenido\">\n\t\t\t\t\t\t\t\t<h3>RESTAURAMOS UN CONJUNTO DE PATIOS CATALOGADOS DE 1847<\/h3>\n\t\t\t\t\t\t\t\t<div class=\"post-date\">\n\t\t\t\t\t\t\t\t\t14 gener 2026\t\t\t\t\t\t\t\t<\/div>\n\t\t\t\t\t\t\t\t<p>\n\t\t\t\t\t\t\t\t\t\t\t\t\t\t\t\t\t\t\tBiohabita! Estamos restaurando un conjunto de patios catalogados de 1847. El nivel de protecci\u00f3n es B \u2013 Bien Cultural de Inter\u00e9s Local. El elemento m\u00e1s sensible es el patio principal y central del edificio, de planta cuadrada, con una decoraci\u00f3n de gusto neocl\u00e1sico y, a la altura de la planta noble, una galer\u00eda perimetral resuelta con columnas toscanas. En la&#8230;\n\t\t\t\t\t\t\t\t\t\t\t\t\t\t\t\t\t<\/p>\n\t\t\t\t\t\t\t<\/div>\n\t\t\t\t\t\t<\/div>\n\t\t\t\t\t<\/a>\n\t\t\t\t\t\t\t\t\t<a href=\"https:\/\/biohabita.coop\/es\/cobert-dentramat-de-fusta\/\">\n\t\t\t\t\t\t<div class=\"post\">\n\t\t\t\t\t\t\t<div class=\"post-imagen\">\n\t\t\t\t\t\t\t\t\t\t\t\t\t\t\t\t\t<img decoding=\"async\" src=\"https:\/\/biohabita.coop\/wp-content\/uploads\/2026\/01\/GENERAL-INTERIOR-IMG_20251008_142741.jpg\" alt=\"COBERTIZO DE ENTRAMADO DE MADERA\">\n\t\t\t\t\t\t\t\t\t\t\t\t\t\t\t<\/div>\n\t\t\t\t\t\t\t<div class=\"post-contenido\">\n\t\t\t\t\t\t\t\t<h3>COBERTIZO DE ENTRAMADO DE MADERA<\/h3>\n\t\t\t\t\t\t\t\t<div class=\"post-date\">\n\t\t\t\t\t\t\t\t\t13 gener 2026\t\t\t\t\t\t\t\t<\/div>\n\t\t\t\t\t\t\t\t<p>\n\t\t\t\t\t\t\t\t\t\t\t\t\t\t\t\t\t\t\t\u00a1Biohabita! Hemos participado en la construcci\u00f3n de un cobertizo agr\u00edcola con estructura exclusivamente de madera. Se ha utilizado abeto de Douglas, tambi\u00e9n conocido como pino de Oreg\u00f3n (Pseudotsuga menziesii), procedente de bosques certificados FSC de Les Guilleries, junto al macizo del Montseny. Para las clavijas se ha utilizado madera de acacia, que ofrece unas prestaciones m\u00e1s adecuadas para la funci\u00f3n&#8230;\n\t\t\t\t\t\t\t\t\t\t\t\t\t\t\t\t\t<\/p>\n\t\t\t\t\t\t\t<\/div>\n\t\t\t\t\t\t<\/div>\n\t\t\t\t\t<\/a>\n\t\t\t\t\t\t\t\t\t<a href=\"https:\/\/biohabita.coop\/es\/ventilacio-il%c2%b7luminacio-i-accessibilitat-en-un-edifici-historic-de-formigo\/\">\n\t\t\t\t\t\t<div class=\"post\">\n\t\t\t\t\t\t\t<div class=\"post-imagen\">\n\t\t\t\t\t\t\t\t\t\t\t\t\t\t\t\t\t<img decoding=\"async\" src=\"https:\/\/biohabita.coop\/wp-content\/uploads\/2026\/01\/APX-FACANA-PORXO.jpeg\" alt=\"VENTILACI\u00d3N, ILUMINACI\u00d3N Y ACCESIBILIDAD EN UN EDIFICIO HIST\u00d3RICO DE HORMIG\u00d3N\">\n\t\t\t\t\t\t\t\t\t\t\t\t\t\t\t<\/div>\n\t\t\t\t\t\t\t<div class=\"post-contenido\">\n\t\t\t\t\t\t\t\t<h3>VENTILACI\u00d3N, ILUMINACI\u00d3N Y ACCESIBILIDAD EN UN EDIFICIO HIST\u00d3RICO DE HORMIG\u00d3N<\/h3>\n\t\t\t\t\t\t\t\t<div class=\"post-date\">\n\t\t\t\t\t\t\t\t\t06 gener 2026\t\t\t\t\t\t\t\t<\/div>\n\t\t\t\t\t\t\t\t<p>\n\t\t\t\t\t\t\t\t\t\t\t\t\t\t\t\t\t\t\tBiohabita! Estamos realizando la reforma de los locales parroquiales de la iglesia de Sant Pius X para adaptarlos a la normativa de accesibilidad y para mejorar sus condiciones de ventilaci\u00f3n e iluminaci\u00f3n. Se ha habilitado un recorrido accesible para llegar a todos los espacios de los locales parroquiales, a la vez que se ha abierto una nueva escalera de evacuaci\u00f3n.Se&#8230;\n\t\t\t\t\t\t\t\t\t\t\t\t\t\t\t\t\t<\/p>\n\t\t\t\t\t\t\t<\/div>\n\t\t\t\t\t\t<\/div>\n\t\t\t\t\t<\/a>\n\t\t\t\t\t\t\t\t\t<a href=\"https:\/\/biohabita.coop\/es\/recuperacio-de-la-ventilacio-natural-a-lesglesia-de-santa-maria-del-pi\/\">\n\t\t\t\t\t\t<div class=\"post\">\n\t\t\t\t\t\t\t<div class=\"post-imagen\">\n\t\t\t\t\t\t\t\t\t\t\t\t\t\t\t\t\t<img decoding=\"async\" src=\"https:\/\/biohabita.coop\/wp-content\/uploads\/2026\/01\/API-GALERIA-SOBRE-CAPELLES.jpeg\" alt=\"RECUPERACI\u00d3N DE VENTILACI\u00d3N NATURAL DE LA IGLESIA DE SANTA MARIA DEL PI\">\n\t\t\t\t\t\t\t\t\t\t\t\t\t\t\t<\/div>\n\t\t\t\t\t\t\t<div class=\"post-contenido\">\n\t\t\t\t\t\t\t\t<h3>RECUPERACI\u00d3N DE VENTILACI\u00d3N NATURAL DE LA IGLESIA DE SANTA MARIA DEL PI<\/h3>\n\t\t\t\t\t\t\t\t<div class=\"post-date\">\n\t\t\t\t\t\t\t\t\t22 desembre 2025\t\t\t\t\t\t\t\t<\/div>\n\t\t\t\t\t\t\t\t<p>\n\t\t\t\t\t\t\t\t\t\t\t\t\t\t\t\t\t\t\tBiohabita! Estamos realizando la reforma de la iglesia de Santa Mar\u00eda del Pi y Sant Jaume de Barcelona para mejorar sus condiciones de seguridad frente a incendios y de accesibilidad, y para adaptar su instalaci\u00f3n el\u00e9ctrica a la normativa vigente, siguiendo criterios de protecci\u00f3n patrimonial. El nivel de protecci\u00f3n es A \u2013 Bien Cultural de Inter\u00e9s Nacional, y fue construida&#8230;\n\t\t\t\t\t\t\t\t\t\t\t\t\t\t\t\t\t<\/p>\n\t\t\t\t\t\t\t<\/div>\n\t\t\t\t\t\t<\/div>\n\t\t\t\t\t<\/a>\n\t\t\t\t\t\t\t\t\t<a href=\"https:\/\/biohabita.coop\/es\/restauracio-duna-torre-modernista\/\">\n\t\t\t\t\t\t<div class=\"post\">\n\t\t\t\t\t\t\t<div class=\"post-imagen\">\n\t\t\t\t\t\t\t\t\t\t\t\t\t\t\t\t\t<img decoding=\"async\" src=\"https:\/\/biohabita.coop\/wp-content\/uploads\/2026\/01\/ARM-TORRE-EXTERIOR.jpeg\" alt=\"Restauraci\u00f3n de una torre modernista\">\n\t\t\t\t\t\t\t\t\t\t\t\t\t\t\t<\/div>\n\t\t\t\t\t\t\t<div class=\"post-contenido\">\n\t\t\t\t\t\t\t\t<h3>Restauraci\u00f3n de una torre modernista<\/h3>\n\t\t\t\t\t\t\t\t<div class=\"post-date\">\n\t\t\t\t\t\t\t\t\t19 novembre 2025\t\t\t\t\t\t\t\t<\/div>\n\t\t\t\t\t\t\t\t<p>\n\t\t\t\t\t\t\t\t\t\t\t\t\t\t\t\t\t\t\tEl a\u00f1o 1908, Joan Millet encarg\u00f3 al arquitecto modernista Manuel Joaquim Raspall i Mayol la remodelaci\u00f3n integral de una mas\u00eda en L\u2019Ametlla del Vall\u00e8s: Can Xammar de Dalt, de acuerdo con el estilo de la \u00e9poca: el modernismo. La mas\u00eda est\u00e1 en proceso de catalogaci\u00f3n patrimonial y destaca por los pin\u00e1culos de los hastiales y la torre mirador, t\u00edpica de&#8230;\n\t\t\t\t\t\t\t\t\t\t\t\t\t\t\t\t\t<\/p>\n\t\t\t\t\t\t\t<\/div>\n\t\t\t\t\t\t<\/div>\n\t\t\t\t\t<\/a>\n\t\t\t\t\t\t\t\t\t<a href=\"https:\/\/biohabita.coop\/es\/can-70-habitatge-cooperatiu-i-saludable\/\">\n\t\t\t\t\t\t<div class=\"post\">\n\t\t\t\t\t\t\t<div class=\"post-imagen\">\n\t\t\t\t\t\t\t\t\t\t\t\t\t\t\t\t\t<img decoding=\"async\" src=\"https:\/\/biohabita.coop\/wp-content\/uploads\/2026\/01\/ASR-MAPA-SOROLL-TOTAL-DIA_isofones-pdf.jpg\" alt=\"Can 70. Vivienda cooperativa... y saludable!\">\n\t\t\t\t\t\t\t\t\t\t\t\t\t\t\t<\/div>\n\t\t\t\t\t\t\t<div class=\"post-contenido\">\n\t\t\t\t\t\t\t\t<h3>Can 70. Vivienda cooperativa&#8230; y saludable!<\/h3>\n\t\t\t\t\t\t\t\t<div class=\"post-date\">\n\t\t\t\t\t\t\t\t\t15 juliol 2025\t\t\t\t\t\t\t\t<\/div>\n\t\t\t\t\t\t\t\t<p>\n\t\t\t\t\t\t\t\t\t\t\t\t\t\t\t\t\t\t\tSeguimos realizando asesoramiento para algunos de los proyectos impulsados desde Sostre C\u00edvic, una entidad pionera en el pa\u00eds en el fomento de la vivienda cooperativa en cesi\u00f3n de uso desde el a\u00f1o 2004, con forma de asociaci\u00f3n, y que se ha convertido en un espacio de participaci\u00f3n de un conjunto de personas que, de manera voluntaria, quieren promover una alternativa&#8230;\n\t\t\t\t\t\t\t\t\t\t\t\t\t\t\t\t\t<\/p>\n\t\t\t\t\t\t\t<\/div>\n\t\t\t\t\t\t<\/div>\n\t\t\t\t\t<\/a>\n\t\t\t\t\t\t\t\t\t<a href=\"https:\/\/biohabita.coop\/es\/mesurament-dentorn-per-a-la-reforma-biocompatible-dun-edifici-doficines\/\">\n\t\t\t\t\t\t<div class=\"post\">\n\t\t\t\t\t\t\t<div class=\"post-imagen\">\n\t\t\t\t\t\t\t\t\t\t\t\t\t\t\t\t\t<img decoding=\"async\" src=\"https:\/\/biohabita.coop\/wp-content\/uploads\/2025\/04\/ACV-7.jpg\" alt=\"Medici\u00f3n de entorno para la reforma biocompatible de un edificio de oficinas\">\n\t\t\t\t\t\t\t\t\t\t\t\t\t\t\t<\/div>\n\t\t\t\t\t\t\t<div class=\"post-contenido\">\n\t\t\t\t\t\t\t\t<h3>Medici\u00f3n de entorno para la reforma biocompatible de un edificio de oficinas<\/h3>\n\t\t\t\t\t\t\t\t<div class=\"post-date\">\n\t\t\t\t\t\t\t\t\t04 abril 2025\t\t\t\t\t\t\t\t<\/div>\n\t\t\t\t\t\t\t\t<p>\n\t\t\t\t\t\t\t\t\t\t\t\t\t\t\t\t\t\t\tEl\u00a0Consell Comarcal del Vall\u00e8s Oriental\u00a0est\u00e1 reformando un edificio para ubicar su sede y ha contratado a Biohabita! para asesorarles para conseguir un espacio con criterios de bienestar, confort y salud. Este encargo se logr\u00f3 a trav\u00e9s de una licitaci\u00f3n p\u00fablica compitiendo con otros profesionales. Remarcar que uno de los rasgos diferenciales respecto a otros profesionales que ha tenido en cuenta&#8230;\n\t\t\t\t\t\t\t\t\t\t\t\t\t\t\t\t\t<\/p>\n\t\t\t\t\t\t\t<\/div>\n\t\t\t\t\t\t<\/div>\n\t\t\t\t\t<\/a>\n\t\t\t\t\t\t\t\t\t<a href=\"https:\/\/biohabita.coop\/es\/restauracio-duna-facana-modernista-amb-materials-tradicionals\/\">\n\t\t\t\t\t\t<div class=\"post\">\n\t\t\t\t\t\t\t<div class=\"post-imagen\">\n\t\t\t\t\t\t\t\t\t\t\t\t\t\t\t\t\t<img decoding=\"async\" src=\"https:\/\/biohabita.coop\/wp-content\/uploads\/2026\/01\/ARM-ESTAT-FINAL-RESTAURACIO-1.jpeg\" alt=\"Restauraci\u00f3n con materiales tradicionales de una fachada modernista\">\n\t\t\t\t\t\t\t\t\t\t\t\t\t\t\t<\/div>\n\t\t\t\t\t\t\t<div class=\"post-contenido\">\n\t\t\t\t\t\t\t\t<h3>Restauraci\u00f3n con materiales tradicionales de una fachada modernista<\/h3>\n\t\t\t\t\t\t\t\t<div class=\"post-date\">\n\t\t\t\t\t\t\t\t\t28 mar\u00e7 2025\t\t\t\t\t\t\t\t<\/div>\n\t\t\t\t\t\t\t\t<p>\n\t\t\t\t\t\t\t\t\t\t\t\t\t\t\t\t\t\t\tEl a\u00f1o 1908, Joan Millet encarg\u00f3 al arquitecto modernista Manuel Joaquim Raspall i Mayol la remodelaci\u00f3n integral de una mas\u00eda en L\u2019Ametlla del Vall\u00e8s: Can Xammar de Dalt, de acuerdo con el estilo de la \u00e9poca: el modernismo. La mas\u00eda est\u00e1 en proceso de catalogaci\u00f3n patrimonial y destaca por los pin\u00e1culos de los hastiales y la torre mirador, t\u00edpica de&#8230;\n\t\t\t\t\t\t\t\t\t\t\t\t\t\t\t\t\t<\/p>\n\t\t\t\t\t\t\t<\/div>\n\t\t\t\t\t\t<\/div>\n\t\t\t\t\t<\/a>\n\t\t\t\t\t\t\t\t\t<a href=\"https:\/\/biohabita.coop\/es\/espai-barnahus-per-a-sant-joan-de-deu\/\">\n\t\t\t\t\t\t<div class=\"post\">\n\t\t\t\t\t\t\t<div class=\"post-imagen\">\n\t\t\t\t\t\t\t\t\t\t\t\t\t\t\t\t\t<img decoding=\"async\" src=\"https:\/\/biohabita.coop\/wp-content\/uploads\/2025\/04\/ABH-SALA-ENTREVISTES-alta-scaled-1.jpg\" alt=\"Espacio Barnahus para Sant Joan de D\u00e9u\">\n\t\t\t\t\t\t\t\t\t\t\t\t\t\t\t<\/div>\n\t\t\t\t\t\t\t<div class=\"post-contenido\">\n\t\t\t\t\t\t\t\t<h3>Espacio Barnahus para Sant Joan de D\u00e9u<\/h3>\n\t\t\t\t\t\t\t\t<div class=\"post-date\">\n\t\t\t\t\t\t\t\t\t18 febrer 2025\t\t\t\t\t\t\t\t<\/div>\n\t\t\t\t\t\t\t\t<p>\n\t\t\t\t\t\t\t\t\t\t\t\t\t\t\t\t\t\t\tBiohabita!\u00a0hemos realizado el anteproyecto piloto de un\u00a0Barnahus\u00a0para\u00a0Sant Joan de D\u00e9u. Barnahus\u00a0es el modelo n\u00f3rdico de atenci\u00f3n integral a ni\u00f1os y adolescentes que han presenciado o sufrido abusos. Naci\u00f3 hace 25 a\u00f1os en Islandia. Barnahus es \u2018la casa de los ni\u00f1os\u2019 en Island\u00e9s. Catalu\u00f1a participa de la\u00a0red Barnahus europea. Este modelo da una especial importancia al espacio donde se realiza la&#8230;\n\t\t\t\t\t\t\t\t\t\t\t\t\t\t\t\t\t<\/p>\n\t\t\t\t\t\t\t<\/div>\n\t\t\t\t\t\t<\/div>\n\t\t\t\t\t<\/a>\n\t\t\t\t\t\t\t\t\t<\/div>\n\n\t\t\t\t\t<div class=\"pagination\">\n\t\t\t\t\t\t\t\t\n\t\t\t\t\t\t\t\t\n\t\t\t\t\t\t\t\t\t\t\t\t\t\t\t<span class=\"current\">1<\/span>\n\t\t\t\t\t\t\t\t\t\t\t\t\t\t\t\t\t\t\t\t<a href=\"#\">2<\/a>\n\t\t\t\t\t\t\t\t\t\t\t\t\t\t\t\t\t\t\t\t<a href=\"#\">3<\/a>\n\t\t\t\t\t\t\t\t\t\t\t\t\t\t\t\t\t\t\t\t<a href=\"#\">4<\/a>\n\t\t\t\t\t\t\t\t\t\t\t\t\t\t\t\t\t\t\t\t<a href=\"#\">5<\/a>\n\t\t\t\t\t\t\t\t\t\t\t\t\t\t\t\t\t\t\t\t<a href=\"#\">6<\/a>\n\t\t\t\t\t\t\t\t\t\t\t\t\t\t\t\t\t\t\t\t<a href=\"#\">7<\/a>\n\t\t\t\t\t\t\t\t\t\t\t\t\t\t\t\t\t\t\t\t<a href=\"#\">8<\/a>\n\t\t\t\t\t\t\t\t\t\t\t\t\t\t\t\t\t\t\t\t<a href=\"#\">9<\/a>\n\t\t\t\t\t\t\t\t\t\t\t\t\t\t\t\t\t\t\t\t<a href=\"#\">10<\/a>\n\t\t\t\t\t\t\t\t\t\t\t\t\t\t\t\t\t\t\t\t<a href=\"#\">11<\/a>\n\t\t\t\t\t\t\t\t\t\t\t\t\t\t\t\t\t\t\t\t<a href=\"#\">12<\/a>\n\t\t\t\t\t\t\t\t\t\t\t\t\t\t\t\t\t\t\t\t<a href=\"#\">13<\/a>\n\t\t\t\t\t\t\t\t\t\t\t\t\t\t\t\t\t\t\t\t<a href=\"#\">14<\/a>\n\t\t\t\t\t\t\t\t\t\t\t\t\t\t\t\t\t\t\t\t<a href=\"#\">15<\/a>\n\t\t\t\t\t\t\t\t\t\t\t\t\t\t\t\t\t\t\t\t<a href=\"#\">16<\/a>\n\t\t\t\t\t\t\t\t\t\t\t\t\t\t\t\t\t\t\t\t<a href=\"#\">17<\/a>\n\t\t\t\t\t\t\t\t\t\t\t\t\t\t\t\t\t\t\t\t<a href=\"#\">18<\/a>\n\t\t\t\t\t\t\t\t\t\t\t\t\t\t\t\t\t\t\t\t<a href=\"#\">19<\/a>\n\t\t\t\t\t\t\t\t\t\t\t\t\t\t\t\t\t\t\t\t<a href=\"#\">20<\/a>\n\t\t\t\t\t\t\t\t\t\t\t\t\t\n\t\t\t\t\t\t\t\t\t<a href=\"#\" class=\"next\">Siguiente<\/a>\n\t\t\t\t\t\t\t<\/div>\n\t\t\t<\/div>\n<\/section>\n","protected":false},"excerpt":{"rendered":"","protected":false},"author":1,"featured_media":0,"parent":0,"menu_order":0,"comment_status":"closed","ping_status":"closed","template":"","meta":{"_acf_changed":false,"footnotes":""},"class_list":["post-1964","page","type-page","status-publish","hentry"],"acf":[],"_links":{"self":[{"href":"https:\/\/biohabita.coop\/es\/wp-json\/wp\/v2\/pages\/1964","targetHints":{"allow":["GET"]}}],"collection":[{"href":"https:\/\/biohabita.coop\/es\/wp-json\/wp\/v2\/pages"}],"about":[{"href":"https:\/\/biohabita.coop\/es\/wp-json\/wp\/v2\/types\/page"}],"author":[{"embeddable":true,"href":"https:\/\/biohabita.coop\/es\/wp-json\/wp\/v2\/users\/1"}],"replies":[{"embeddable":true,"href":"https:\/\/biohabita.coop\/es\/wp-json\/wp\/v2\/comments?post=1964"}],"version-history":[{"count":2,"href":"https:\/\/biohabita.coop\/es\/wp-json\/wp\/v2\/pages\/1964\/revisions"}],"predecessor-version":[{"id":3514,"href":"https:\/\/biohabita.coop\/es\/wp-json\/wp\/v2\/pages\/1964\/revisions\/3514"}],"wp:attachment":[{"href":"https:\/\/biohabita.coop\/es\/wp-json\/wp\/v2\/media?parent=1964"}],"curies":[{"name":"wp","href":"https:\/\/api.w.org\/{rel}","templated":true}]}}