{"id":3528,"date":"2025-04-23T21:33:42","date_gmt":"2025-04-24T02:33:42","guid":{"rendered":"https:\/\/biohabita.coop\/politica-de-privadesa\/"},"modified":"2025-09-01T14:24:01","modified_gmt":"2025-09-01T19:24:01","slug":"politica-de-privacidad","status":"publish","type":"page","link":"https:\/\/biohabita.coop\/es\/politica-de-privacidad\/","title":{"rendered":"Pol\u00edtica de privadesa"},"content":{"rendered":"\n<h1 class=\"wp-block-heading has-text-color has-link-color wp-elements-4e4dbfcac956cbed8a0bcecee00835fc\" style=\"color:#73beb0\">AVIS LEGAL I CONDICIONS D&#8217;US<\/h1>\n\n\n\n<h1 class=\"wp-block-heading has-text-color has-link-color wp-elements-fd2f75f2198b00fb6e4a4554b8c0faf6\" style=\"color:#73beb0\">POL\u00cdTICA DE PRIVACITAT<\/h1>\n\n\n\n<h2 class=\"wp-block-heading\">AVIS LEGAL I CONDICIONS D&#8217;US<\/h2>\n\n\n\n<h3 class=\"wp-block-heading\">Dades identificatives<\/h3>\n\n\n\n<p>En compliment del que estableix l&#8217;article 10 de la Llei 34\/2002, d&#8217;11 de juliol, de Serveis de la Societat de la Informaci\u00f3 i del Comer\u00e7 Electr\u00f2nic, us informem del seg\u00fcent:<\/p>\n\n\n\n<ul class=\"wp-block-list\">\n<li><strong>Biohabitat Cooperativa SCCLP<\/strong> (d&#8217;ara endavant, <strong>Biohabita!<\/strong>) \u00e9s una entitat dedicada a l&#8217;assessorament i la prestaci\u00f3 de serveis relacionats amb l&#8217;entorn saludable en edificis i altres construccions.<\/li>\n\n\n\n<li><strong>Biohabita! <\/strong>es troba inscrita al Registre de Cooperatives i Societats Laborals de Catalunya amb les dades d&#8217;inscripci\u00f3 seg\u00fcents: full 15069, inscripci\u00f3 1a; i al Registre Mercantil de Barcelona amb les dades d&#8217;inscripci\u00f3 seg\u00fcents: volum 48121, foli 127, full B572989, inscripci\u00f3 1.<\/li>\n\n\n\n<li><strong>Biohabita!<\/strong>, amb NIF F-67210765, \u00e9s una entitat domiciliada a Barcelona, Passeig Sant Joan Bosco 55, entres\u00f2l 1a, i \u00e9s la titular i l&#8217;encarregada de l&#8217;explotaci\u00f3, gesti\u00f3 i funcionament del lloc web <a href=\"http:\/\/www.biohabita.coop\">biohabita.coop<\/a> (d&#8217;ara endavant la Web ). La nostra adre\u00e7a de correu electr\u00f2nic de contacte \u00e9s info@biohabita.coop.<\/li>\n<\/ul>\n\n\n\n<h3 class=\"wp-block-heading\">Usuaris<\/h3>\n\n\n\n<p>L&#8217;acc\u00e9s i\/o \u00fas del Web atribueix la condici\u00f3 d&#8217;Usuari, que accepta, des d&#8217;aquest acc\u00e9s i\/o \u00fas, les Condicions d&#8217;\u00das reflectides aqu\u00ed sense cap reserva. Per aix\u00f2, es recomana que la PERSONA USU\u00c0RIA llegeixi detingudament les Condicions d&#8217;\u00das cada cop que vulgui accedir i fer \u00fas de la Web, ja que aquestes Condicions poden patir modificacions.<\/p>\n\n\n\n<h3 class=\"wp-block-heading\">Us de la Web<\/h3>\n\n\n\n<p>La Web proporcionen acc\u00e9s a multitud d&#8217;informacions, serveis i\/o dades (d&#8217;ara endavant, \u00abels continguts\u00bb), pertanyents a <strong>Biohabita!<\/strong><\/p>\n\n\n\n<p>La PERSONA USU\u00c0RIA assumeix tota la responsabilitat de l&#8217;\u00fas que faci de la Web, la qual cosa s&#8217;est\u00e9n i s&#8217;inclou, per\u00f2 no es limita, a la mera navegaci\u00f3, l&#8217;acc\u00e9s i l&#8217;\u00fas dels continguts.<\/p>\n\n\n\n<p>En tot contacte que la PERSONA USU\u00c0RIA estableixi amb <strong>Biohabita!<\/strong> haur\u00e0 de aportar en tot moment informaci\u00f3 vera\u00e7, completa i l\u00edcita, i mantenir-la deguda i perfectament actualitzada.<\/p>\n\n\n\n<p>La PERSONA USU\u00c0RIA es compromet a fer un \u00fas correcte, l\u00edcit i adequat dels Continguts i serveis que <strong>Biohabita!<\/strong> ofereix a trav\u00e9s de la Web, i haur\u00e0 d&#8217;abstenir-se de realitzar qualsevol acci\u00f3 o activitat il\u00b7l\u00edcita, incorrecta, inadequada, contr\u00e0ria a la bona fe, la moral, els bons costums i\/o l&#8217;ordre p\u00fablic o que de qualsevol altra manera sigui perjudicial per a la Web i\/o <strong>Biohabita!<\/strong><\/p>\n\n\n\n<p>Aix\u00ed mateix, la PERSONA USU\u00c0RIA no podr\u00e0 introduir, mostrar, utilitzar ni incorporar com a activitat empresarial pr\u00f2pia o de tercers cap dels continguts i\/o serveis inclosos a la web, ni menys disposar-ne. Queda tamb\u00e9 expressament prohibit l&#8217;\u00fas o l&#8217;aplicaci\u00f3 de qualsevol recurs t\u00e8cnic, l\u00f2gic o tecnol\u00f2gic per virtut del qual els Usuaris puguin beneficiar-se, directament o indirectament, amb lucre o sense, de l&#8217;explotaci\u00f3 no autoritzada del Web o de qualsevol dels seus continguts i \/o serveis.<\/p>\n\n\n\n<p>Els continguts i serveis oferts a la web es dirigeixen exclusivament a persones majors de 18 anys. Accedint i\/o usant la Web la PERSONA USU\u00c0RIA declara i garanteix que t\u00e9 18 anys o m\u00e9s.<\/p>\n\n\n\n<h3 class=\"wp-block-heading\">Propietat Intel\u00b7lectual i Industrial<\/h3>\n\n\n\n<p>Tots els continguts, textos, imatges i codis font s\u00f3n propietat de <strong>Biohabita!<\/strong> o de tercers als quals s&#8217;han adquirit o han cedit a <strong>Biohabita!<\/strong> drets d&#8217;explotaci\u00f3, i estan protegits pels drets de propietat intel\u00b7lectual i industrial.<\/p>\n\n\n\n<p>Tots els noms, denominacions, signes distintius, continguts, estructura, imatges, v\u00eddeos, disseny i forma de presentaci\u00f3 dels elements i qualsevol altra informaci\u00f3 que aparegui a la Web s\u00f3n de titularitat de <strong>Biohabita!<\/strong> (per si o com a cession\u00e0ria o llicenciat\u00e0ria). L&#8217;\u00fas que la PERSONA USU\u00c0RIA faci del Web en cap cas i de cap manera li confereix dret de cap \u00edndole, ni tan sols de llic\u00e8ncia, sobre cap d&#8217;aquests signes i elements.<\/p>\n\n\n\n<p>La PERSONA USU\u00c0RIA t\u00e9 prohibida la c\u00f2pia, l&#8217;extracci\u00f3, la reproducci\u00f3, la transformaci\u00f3, la distribuci\u00f3, la comunicaci\u00f3 p\u00fablica i, en general, qualsevol altra forma d&#8217;explotaci\u00f3 dels elements referits a l&#8217;apartat anterior i de qualsevol dels elements o continguts de la web, sigui quina sigui el mitj\u00e0 o proc\u00e9s automatitzat o manual que es faci servir, sense autoritzaci\u00f3 expressa i escrita de <strong>Biohabita!<\/strong>, aix\u00ed com la realitzaci\u00f3 de qualsevol acte que pugui implicar una infracci\u00f3 dels drets de propietat industrial i intel\u00b7lectual de <strong>Biohabita!<\/strong> o de tercers.<\/p>\n\n\n\n<p>La PERSONA USU\u00c0RIA \u00fanicament t\u00e9 dret a un \u00fas privat d&#8217;aquests, sense \u00e0nim de lucre, i necessita autoritzaci\u00f3 expressa de <strong>Biohabita!<\/strong> per reproduir-los, explotar-los, distribuir-los o qualsevol altra operaci\u00f3.<\/p>\n\n\n\n<p>La PERSONA USU\u00c0RIA s&#8217;abstindr\u00e0 de fer servir mitjans que puguin suprimir, alterar, eludir o manipular qualsevol dispositiu de protecci\u00f3 o sistemes de seguretat que puguin estar instal\u00b7lats i que comportin un risc o dany o inutilitzaci\u00f3 de la web i\/o els seus continguts.<\/p>\n\n\n\n<p>Est\u00e0 absolutament prohibida la c\u00f2pia o la imitaci\u00f3 total o parcial de la p\u00e0gina web de <strong>Biohabita!<\/strong><\/p>\n\n\n\n<p><strong>Biohabita!<\/strong> no es responsabilitza del possible \u00fas inapropiat que tercers facin de la Web, ni de la informaci\u00f3 que a trav\u00e9s d&#8217;elles transmetin a tercers. L&#8217;\u00fas dels Continguts que pugui fer la PERSONA USU\u00c0RIA i les eventuals conseq\u00fc\u00e8ncies, danys o perjudicis que se&#8217;n poguessin derivar, s\u00f3n de la responsabilitat exclusiva de la PERSONA USU\u00c0RIA. <strong>Biohabita!<\/strong> declina qualsevol responsabilitat pels danys i perjudicis de tota naturalesa causats als usuaris per l&#8217;\u00fas d&#8217;enlla\u00e7os (links), directoris i eines de cerca, que permeten als usuaris accedir a llocs web pertanyents i\/o gestionats per tercers aix\u00ed com per la pres\u00e8ncia de virus o altres codis maliciosos que puguin produir qualsevol tipus de danys al sistema inform\u00e0tic, documents electr\u00f2nics o fitxers dels Usuaris o de tercers.<\/p>\n\n\n\n<p><strong>Biohabita!<\/strong> es reserva el dret d\u2019exercitar les accions legals que consideri oportunes en cas d\u2019incompliment de qualsevol de les disposicions anteriors.<\/p>\n\n\n\n<h3 class=\"wp-block-heading\">Exclusi\u00f3 de garanties i responsabilitat<\/h3>\n\n\n\n<p><strong>Biohabita!<\/strong> ha adoptat les mesures que, dins de les seves possibilitats i d&#8217;acord amb l&#8217;estat de la tecnologia actual, permetin el funcionament correcte del web aix\u00ed com l&#8217;abs\u00e8ncia de virus i components perjudicials. Aix\u00f2 no obstant, malgrat les mesures de seguretat adoptades, <strong>Biohabita!<\/strong> no pot garantir l&#8217;abs\u00e8ncia de virus o altres elements que poguessin danyar o alterar el sistema inform\u00e0tic de la PERSONA USU\u00c0RIA, ni assumeix cap responsabilitat derivada d&#8217;aix\u00f2.<\/p>\n\n\n\n<p>En aquest sentit, en cap cas <strong>Biohabita!<\/strong> es fa responsable dels danys i perjudicis de qualsevol naturalesa ocasionats, entre d&#8217;altres, per: (i) el mal o indegut \u00fas del Web, els seus continguts i\/o serveis per part dels seus usuaris; (ii) la manca de continu\u00eftat i disponibilitat dels continguts i\/o serveis de la web aix\u00ed com els retards o fallades que es produ\u00efssin en l&#8217;acc\u00e9s als mateixos; (iii) la pres\u00e8ncia de virus i\/o altres components nocius a la Web i\/o als servidors; (iv) la certesa, integritat, exactitud i\/o actualitzaci\u00f3 dels Continguts i\/o serveis, productes, textos, enlla\u00e7os o qualssevol altres elements incorporats a la Web; (v) els continguts i\/o serveis prestats per altres p\u00e0gines web a qu\u00e8 la PERSONA USU\u00c0RIA pugui tenir acc\u00e9s des de la Web; (vi) l&#8217;acc\u00e9s no autoritzat i l&#8217;alteraci\u00f3 de les dades emmagatzemades i transmeses a trav\u00e9s del web o dels serveis que ofereix i (vii) la vulneraci\u00f3 dels sistemes de seguretat allotjats i\/o inserits a trav\u00e9s del web.<\/p>\n\n\n\n<p><strong>Biohabita!<\/strong> tampoc es responsabilitza dels danys i perjudicis de qualsevol tipus produ\u00efts a l&#8217;Usuari que portin causa de fallades o desconnexions a les xarxes de telecomunicacions i que puguin ocasionar la suspensi\u00f3, cancel\u00b7laci\u00f3 i\/o interrupci\u00f3 del servei del Web.<\/p>\n\n\n\n<p>Igualment, <strong>Biohabita!<\/strong> no es responsabilitza dels danys i perjudicis que pogu\u00e9s causar qualsevol Usuari, b\u00e9 a si mateix o a terceres persones, en infracci\u00f3 de les condicions, normes i instruccions que <strong>Biohabita!<\/strong> estableix a la Web. En conseq\u00fc\u00e8ncia, la PERSONA USU\u00c0RIA respondr\u00e0 de tots els danys i perjudicis de qualsevol naturalesa que <strong>Biohabita!<\/strong> o qualsevol tercer pugui patir com a conseq\u00fc\u00e8ncia de l&#8217;incompliment de qualsevol de les obligacions a qu\u00e8 queda sotm\u00e8s per aquestes Condicions d&#8217;\u00das.<\/p>\n\n\n\n<h3 class=\"wp-block-heading\">Modificacions i interrupci\u00f3 o suspensi\u00f3 d&#8217;acc\u00e9s al lloc web<\/h3>\n\n\n\n<p><strong>Biohabita!<\/strong> es reserva el dret d&#8217;efectuar sense previ av\u00eds les modificacions que consideri oportunes a la Web, podent canviar, suprimir o afegir tant els continguts i serveis que es prestin a trav\u00e9s d&#8217;aquesta com la forma en qu\u00e8 aquests apareguin presentats o localitzats a la Web.<\/p>\n\n\n\n<p>Alhora, <strong>Biohabita!<\/strong> es reserva el dret a suspendre o interrompre, temporalment i sense av\u00eds previ, l&#8217;accessibilitat a la Web amb motiu d&#8217;operacions de manteniment, reparaci\u00f3, actualitzaci\u00f3 o millores, aix\u00ed com per errors de subministrament el\u00e8ctric o per qualsevol altra causa.<\/p>\n\n\n\n<h3 class=\"wp-block-heading\">Enlla\u00e7os<\/h3>\n\n\n\n<p>En el cas que a la Web es disposessin enlla\u00e7os o hipervincles cap a altres llocs d&#8217;Internet, <strong>Biohabita!<\/strong> no exercir\u00e0 cap tipus de control sobre aquests llocs i continguts. En cap cas <strong>Biohabita!<\/strong> assumir\u00e0 cap responsabilitat pels continguts d&#8217;algun enlla\u00e7 pertanyent a un lloc web o App aliens, ni garantir\u00e0 la disponibilitat t\u00e8cnica, qualitat, fiabilitat, exactitud, amplitud, veracitat, validesa i\/o constitucionalitat de qualsevol material o informaci\u00f3 continguda en cap d&#8217;aquests hipervincles o altres llocs d\u2019Internet o Apps. Igualment, la inclusi\u00f3 d&#8217;aquestes connexions externes no implicar\u00e0 cap tipus d&#8217;associaci\u00f3, fusi\u00f3 o participaci\u00f3 de <strong>Biohabita!<\/strong> amb les entitats connectades.<\/p>\n\n\n\n<h3 class=\"wp-block-heading\">Diversos<\/h3>\n\n\n\n<p><strong>Biohabita!<\/strong> es reserva el dret a denegar, restringir o retirar l&#8217;acc\u00e9s a la Web i\/o els serveis oferts sense necessitat de preav\u00eds, a inst\u00e0ncia pr\u00f2pia o d&#8217;un tercer, a aquells Usuaris que incompleixin qualsevol de les presents Condicions d&#8217;\u00das, sense dret a compensaci\u00f3 o indemnitzaci\u00f3 de cap tipus.<\/p>\n\n\n\n<p><strong>Biohabita!<\/strong> es reserva el dret a exercir els drets i les accions que consideri oportunes, fins i tot d&#8217;\u00edndole penal, en cas de violaci\u00f3, infracci\u00f3 o incompliment d&#8217;aquestes Condicions o de qualsevol disposici\u00f3 legal per part dels Usuaris.<\/p>\n\n\n\n<h3 class=\"wp-block-heading\">Modificaci\u00f3 de les Condicions d&#8217;Us<\/h3>\n\n\n\n<p><strong>Biohabita!<\/strong> podr\u00e0 modificar en qualsevol moment i sense av\u00eds previ les Condicions d&#8217;\u00das aqu\u00ed determinades, procedint a publicar les noves a la Web, sense que aix\u00f2 concedeixi dret a compensaci\u00f3 o indemnitzaci\u00f3 de cap tipus als Usuaris. Quan la PERSONA USU\u00c0RIA accedeixi a la Web despr\u00e9s de la modificaci\u00f3 de les Condicions d&#8217;\u00das, estar\u00e0 acceptant expressament les noves Condicions. Si no esteu d&#8217;acord amb alguna d&#8217;aquestes condicions modificades, haureu d&#8217;abandonar immediatament l&#8217;\u00fas del web. Si continueu accedint i\/o usant la Web, s&#8217;entendr\u00e0 que est\u00e0 acceptant les noves Condicions.<\/p>\n\n\n\n<h3 class=\"wp-block-heading\">Legislaci\u00f3 aplicable i jurisdicci\u00f3<\/h3>\n\n\n\n<p>Aquestes Condicions d&#8217;\u00das i Av\u00eds Legal se subjecten a la Llei espanyola. Totes les q\u00fcestions, conflictes, discrep\u00e0ncies i\/o controv\u00e8rsies que poguessin derivar-se de la interpretaci\u00f3, aplicaci\u00f3, compliment, incompliment, validesa i\/o execuci\u00f3 de les presents Condicions d&#8217;\u00das i Av\u00eds Legal se sotmetran, amb ren\u00fancia expressa a qualsevol altre fur general o especial que pogu\u00e9s correspondre a les parts, a la jurisdicci\u00f3 i compet\u00e8ncia dels Jutjats i Tribunals de la ciutat de Barcelona.<\/p>\n\n\n\n<h2 class=\"wp-block-heading\">POL\u00cdTICA DE PRIVACITAT<\/h2>\n\n\n\n<p>La visita al lloc web <a href=\"http:\/\/www.biohabita.coop\"><strong>www.biohabita.coop<\/strong><\/a> (d&#8217;ara endavant, la Web) no implica que la PERSONA USU\u00c0RIA estigui obligada a facilitar cap informaci\u00f3 ni dada de car\u00e0cter personal. En el cas que la PERSONA USU\u00c0RIA faciliti dades de car\u00e0cter personal a trav\u00e9s del web, aquestes seran tractades amb subjecci\u00f3 al que estableix la normativa sobre protecci\u00f3 de dades aplicable en cada moment.<\/p>\n\n\n\n<p>El responsable del tractament de les dades que la PERSONA USU\u00c0RIA ens proporciona \u00e9s <strong>Biohabita Cooperativa SCCLP<\/strong>, amb domicili a Passeig Sant Joan Bosco 55, entres\u00f2l 1a, 08017 Barcelona, i adre\u00e7a de correu electr\u00f2nic info@biohabita.coop.<\/p>\n\n\n\n<p>Les dades de car\u00e0cter personal que la PERSONA USU\u00c0RIA ens faciliti a trav\u00e9s del web o mitjan\u00e7ant el correu electr\u00f2nic de contacte seran tractades amb les finalitats seg\u00fcents:<\/p>\n\n\n\n<ul class=\"wp-block-list\">\n<li>Gestionar i atendre les seves peticions, consultes, sol\u00b7licituds d&#8217;informaci\u00f3, de serveis i pressupostos i qualsevol altra pregunta que ens faci.<\/li>\n\n\n\n<li>Gestionar els nostres serveis, com ara la remissi\u00f3 d&#8217;alertes, avisos, recordatoris, actualitzacions, etc.<\/li>\n<\/ul>\n\n\n\n<p>La base jur\u00eddica del tractament \u00e9s l&#8217;inter\u00e8s leg\u00edtim a mantenir la relaci\u00f3 amb la PERSONA USU\u00c0RIA i\/o el consentiment expr\u00e9s que la PERSONA USU\u00c0RIA ens presta en facilitar-nos les dades, consentiment que la PERSONA USU\u00c0RIA podr\u00e0 retirar en qualsevol moment sense que aix\u00f2 afecti la licitud del tractament basat en el consentiment previ a la seva retirada. Tot aix\u00f2 sense perjudici dels casos en qu\u00e8 el tractament sigui necessari per executar un contracte amb la PERSONA USU\u00c0RIA o per complir una obligaci\u00f3 legal.<\/p>\n\n\n\n<p>Les dades de la PERSONA USU\u00c0RIA es conservaran en funci\u00f3 de la finalitat del tractament que en fem d&#8217;acord amb el seg\u00fcent:<\/p>\n\n\n\n<ul class=\"wp-block-list\">\n<li>En el cas 1) anterior, durant el temps necessari per donar resposta a les peticions, les consultes, les sol\u00b7licituds d&#8217;informaci\u00f3, els pressupostos o les preguntes.<\/li>\n\n\n\n<li>En el cas 2) anterior, mentre la PERSONA USU\u00c0RIA continu\u00ef usant els nostres serveis.<\/li>\n<\/ul>\n\n\n\n<p>despr\u00e9s d&#8217;aix\u00f2, les dades podran ser conservades durant el temps exigit per la legislaci\u00f3 aplicable i fins que prescriguin les eventuals responsabilitats derivades de la relaci\u00f3 establerta.<\/p>\n\n\n\n<p>Aix\u00ed mateix, s\u2019informa que la PERSONA USU\u00c0RIA t\u00e9 el dret de presentar una reclamaci\u00f3 davant l&#8217;Ag\u00e8ncia Espanyola de Protecci\u00f3 de Dades.<\/p>\n\n\n\n<p>Aix\u00ed mateix, s\u2019informa que respecte a aquestes dades, la PERSONA USU\u00c0RIA podr\u00e0 exercitar els drets d&#8217;acc\u00e9s, rectificaci\u00f3, cancel\u00b7laci\u00f3, oposici\u00f3, limitaci\u00f3 al tractament i portabilitat en els termes establerts a la legislaci\u00f3 vigent, mitjan\u00e7ant un escrit dirigit a <strong>Biohabita Cooperativa SCCLP<\/strong>, passeig Sant Joan Bosco 55, entres\u00f2l 1a, 08017 Barcelona o b\u00e9 a trav\u00e9s del correu electr\u00f2nic info@biohabita.coop.<\/p>\n\n\n\n<p>La PERSONA USU\u00c0RIA garanteix la veracitat, exactitud, autenticitat i vig\u00e8ncia de les dades de car\u00e0cter personal que ens proporciona.<\/p>\n\n\n\n<p><\/p>\n","protected":false},"excerpt":{"rendered":"<p>AVIS LEGAL I CONDICIONS D&#8217;US POL\u00cdTICA DE PRIVACITAT AVIS LEGAL I CONDICIONS D&#8217;US Dades identificatives En compliment del que estableix l&#8217;article 10 de la Llei 34\/2002, d&#8217;11 de juliol, de Serveis de la Societat de la Informaci\u00f3 i del Comer\u00e7 Electr\u00f2nic, us informem del seg\u00fcent: Usuaris L&#8217;acc\u00e9s i\/o \u00fas del Web atribueix la condici\u00f3 d&#8217;Usuari,&#8230; <a class=\"excerpt-read-more\" href=\"https:\/\/biohabita.coop\/es\/politica-de-privacidad\/\" title=\"Read Pol\u00edtica de privadesa\">Read more &raquo;<\/a><\/p>\n","protected":false},"author":1,"featured_media":0,"parent":0,"menu_order":0,"comment_status":"closed","ping_status":"closed","template":"template-legal.blade.php","meta":{"_acf_changed":false,"footnotes":""},"class_list":["post-3528","page","type-page","status-publish","hentry"],"acf":[],"_links":{"self":[{"href":"https:\/\/biohabita.coop\/es\/wp-json\/wp\/v2\/pages\/3528","targetHints":{"allow":["GET"]}}],"collection":[{"href":"https:\/\/biohabita.coop\/es\/wp-json\/wp\/v2\/pages"}],"about":[{"href":"https:\/\/biohabita.coop\/es\/wp-json\/wp\/v2\/types\/page"}],"author":[{"embeddable":true,"href":"https:\/\/biohabita.coop\/es\/wp-json\/wp\/v2\/users\/1"}],"replies":[{"embeddable":true,"href":"https:\/\/biohabita.coop\/es\/wp-json\/wp\/v2\/comments?post=3528"}],"version-history":[{"count":1,"href":"https:\/\/biohabita.coop\/es\/wp-json\/wp\/v2\/pages\/3528\/revisions"}],"predecessor-version":[{"id":3530,"href":"https:\/\/biohabita.coop\/es\/wp-json\/wp\/v2\/pages\/3528\/revisions\/3530"}],"wp:attachment":[{"href":"https:\/\/biohabita.coop\/es\/wp-json\/wp\/v2\/media?parent=3528"}],"curies":[{"name":"wp","href":"https:\/\/api.w.org\/{rel}","templated":true}]}}